{"id":2729,"date":"2026-05-02T12:09:11","date_gmt":"2026-05-02T10:09:11","guid":{"rendered":"https:\/\/www.schmerzfrei.vet\/?page_id=2729"},"modified":"2026-05-02T12:20:14","modified_gmt":"2026-05-02T10:20:14","slug":"datenschutz","status":"publish","type":"page","link":"https:\/\/www.schmerzfrei.vet\/en\/datenschutz\/","title":{"rendered":"Datenschutz"},"content":{"rendered":"<div data-elementor-type=\"wp-page\" data-elementor-id=\"2729\" class=\"elementor elementor-2729\" data-elementor-post-type=\"page\">\n\t\t\t\t<div class=\"elementor-element elementor-element-ca10295 e-flex e-con-boxed e-con e-parent\" data-id=\"ca10295\" data-element_type=\"container\" data-e-type=\"container\" data-settings=\"{&quot;background_background&quot;:&quot;classic&quot;}\">\n\t\t\t\t\t<div class=\"e-con-inner\">\n\t\t<div class=\"elementor-element elementor-element-1031661 e-con-full e-flex e-con e-child\" data-id=\"1031661\" data-element_type=\"container\" data-e-type=\"container\">\n\t\t\t\t<div class=\"elementor-element elementor-element-10e102c elementor-view-default elementor-widget elementor-widget-icon\" data-id=\"10e102c\" data-element_type=\"widget\" data-e-type=\"widget\" data-widget_type=\"icon.default\">\n\t\t\t\t<div class=\"elementor-widget-container\">\n\t\t\t\t\t\t\t<div class=\"elementor-icon-wrapper\">\n\t\t\t<div class=\"elementor-icon\">\n\t\t\t<svg xmlns=\"http:\/\/www.w3.org\/2000\/svg\" width=\"18\" height=\"18\" viewbox=\"0 0 100 100\"><g stroke=\"currentColor\" stroke-width=\"4\" stroke-linecap=\"round\"><line x1=\"50\" y1=\"10\" x2=\"50\" y2=\"90\"><\/line><line x1=\"10\" y1=\"50\" x2=\"90\" y2=\"50\"><\/line><line x1=\"20\" y1=\"20\" x2=\"80\" y2=\"80\"><\/line><line x1=\"80\" y1=\"20\" x2=\"20\" y2=\"80\"><\/line><\/g><\/svg>\t\t\t<\/div>\n\t\t<\/div>\n\t\t\t\t\t\t<\/div>\n\t\t\t\t<\/div>\n\t\t\t\t<div class=\"elementor-element elementor-element-b0db9cb elementor-widget elementor-widget-heading\" data-id=\"b0db9cb\" data-element_type=\"widget\" data-e-type=\"widget\" data-widget_type=\"heading.default\">\n\t\t\t\t<div class=\"elementor-widget-container\">\n\t\t\t\t\t<h4 class=\"elementor-heading-title elementor-size-default\">Datenschutz<\/h4>\t\t\t\t<\/div>\n\t\t\t\t<\/div>\n\t\t\t\t<div class=\"elementor-element elementor-element-67c3476 elementor-widget elementor-widget-text-editor\" data-id=\"67c3476\" data-element_type=\"widget\" data-e-type=\"widget\" data-widget_type=\"text-editor.default\">\n\t\t\t\t<div class=\"elementor-widget-container\">\n\t\t\t\t\t\t\t\t\t<h5 data-section-id=\"1axd0j6\" data-start=\"531\" data-end=\"557\">1. Allgemeine Hinweise<\/h5><p data-start=\"559\" data-end=\"723\">Der Schutz Ihrer pers\u00f6nlichen Daten ist mir ein wichtiges Anliegen.<br data-start=\"626\" data-end=\"629\" \/>Die Verarbeitung Ihrer Daten erfolgt im Einklang mit den gesetzlichen Datenschutzvorschriften.<\/p><hr data-start=\"725\" data-end=\"728\" \/><h5 data-section-id=\"18v1cya\" data-start=\"730\" data-end=\"759\">2. Verantwortliche Stelle<\/h5><p data-start=\"761\" data-end=\"836\">Dr. med. vet. Romina Pankow<br data-start=\"788\" data-end=\"791\" \/>Schulstr. 1, 83229 Aschau i. Chiemgau<br data-start=\"809\" data-end=\"812\" \/>E-Mail: hilfe@schmerzfrei.vet<\/p><hr data-start=\"838\" data-end=\"841\" \/><h5 data-section-id=\"14r5tkp\" data-start=\"843\" data-end=\"881\">3. Zugriffsdaten (Server-Logfiles)<\/h5><p data-start=\"883\" data-end=\"951\">Beim Besuch dieser Website werden automatisch Informationen erfasst:<\/p><ul data-start=\"953\" data-end=\"1065\"><li data-section-id=\"1h0uk97\" data-start=\"953\" data-end=\"967\">IP-Adresse<\/li><li data-section-id=\"wzs3a0\" data-start=\"968\" data-end=\"1001\">Datum und Uhrzeit der Anfrage<\/li><li data-section-id=\"78ua8h\" data-start=\"1002\" data-end=\"1029\">Browsertyp und -version<\/li><li data-section-id=\"kiy1ht\" data-start=\"1030\" data-end=\"1048\">Betriebssystem<\/li><li data-section-id=\"4st6i5\" data-start=\"1049\" data-end=\"1065\">Referrer-URL<\/li><\/ul><p data-start=\"1067\" data-end=\"1202\">Diese Daten dienen der technischen Bereitstellung und Sicherheit der Website und werden nicht mit anderen Datenquellen zusammengef\u00fchrt.<\/p><hr data-start=\"1204\" data-end=\"1207\" \/><h5 data-section-id=\"17iufb5\" data-start=\"1209\" data-end=\"1231\">4. Kontaktaufnahme<\/h5><p data-start=\"1233\" data-end=\"1381\">Wenn Sie per E-Mail oder \u00fcber ein Kontaktformular Kontakt aufnehmen, werden die von Ihnen gemachten Angaben zur Bearbeitung der Anfrage gespeichert.<\/p><p data-start=\"1383\" data-end=\"1474\">Die Verarbeitung erfolgt auf Grundlage von Art. 6 Abs. 1 lit. b DSGVO (Vertrag\/Vorvertrag).<\/p><hr data-start=\"1476\" data-end=\"1479\" \/><h5 data-section-id=\"41jht8\" data-start=\"1481\" data-end=\"1512\">5. Verwendung von Elementor<\/h5><p data-start=\"1514\" data-end=\"1586\">Diese Website nutzt das Plugin <strong data-start=\"1545\" data-end=\"1558\">Elementor<\/strong> zur Gestaltung der Inhalte.<\/p><p data-start=\"1588\" data-end=\"1736\">Elementor verarbeitet selbst keine personenbezogenen Daten, kann jedoch technisch notwendige Daten verarbeiten, um die Website korrekt darzustellen.<\/p><hr data-start=\"1738\" data-end=\"1741\" \/><h5 data-section-id=\"1bs0u11\" data-start=\"1743\" data-end=\"1777\">6. Verwendung von Google Fonts<\/h5><p data-start=\"1779\" data-end=\"1833\">Diese Website verwendet Schriftarten (\u201eGoogle Fonts\u201c).<\/p><p data-start=\"1835\" data-end=\"1962\">Die Einbindung erfolgt \u2013 sofern m\u00f6glich \u2013 lokal auf dem Server, sodass keine Verbindung zu Servern von Google hergestellt wird.<\/p><hr data-start=\"2065\" data-end=\"2068\" \/><h5 data-section-id=\"1dwg5jw\" data-start=\"2070\" data-end=\"2092\">7. Affiliate-Links<\/h5><p data-start=\"2094\" data-end=\"2146\">Auf dieser Website werden Affiliate-Links verwendet.<\/p><p data-start=\"2148\" data-end=\"2293\">Wenn Sie \u00fcber einen solchen Link ein Angebot wahrnehmen, kann der jeweilige Anbieter erkennen, dass Sie \u00fcber diese Website weitergeleitet wurden.<\/p><p data-start=\"2295\" data-end=\"2347\">F\u00fcr Sie entstehen dadurch keine zus\u00e4tzlichen Kosten.<\/p><hr data-start=\"2349\" data-end=\"2352\" \/><h5 data-section-id=\"10i6mit\" data-start=\"2354\" data-end=\"2381\">8. Newsletter (geplant)<\/h5><p data-start=\"2383\" data-end=\"2447\">Es besteht die M\u00f6glichkeit, k\u00fcnftig einen Newsletter anzubieten.<\/p><p data-start=\"2449\" data-end=\"2514\">Hierf\u00fcr wird voraussichtlich der Dienst <strong data-start=\"2489\" data-end=\"2503\">MailerLite<\/strong> verwendet.<\/p><p data-start=\"2516\" data-end=\"2679\">Wenn Sie sich f\u00fcr den Newsletter anmelden, werden die von Ihnen angegebenen Daten (z. B. E-Mail-Adresse) verarbeitet, um Ihnen regelm\u00e4\u00dfig Informationen zuzusenden.<\/p><p data-start=\"2681\" data-end=\"2730\">Die Anmeldung erfolgt im Double-Opt-in-Verfahren.<\/p><p data-start=\"2732\" data-end=\"2780\">Sie k\u00f6nnen den Newsletter jederzeit abbestellen.<\/p><hr data-start=\"2851\" data-end=\"2854\" \/><h5 data-section-id=\"lwry3u\" data-start=\"2856\" data-end=\"2874\">9. Ihre Rechte<\/h5><p data-start=\"2876\" data-end=\"2910\">Sie haben jederzeit das Recht auf:<\/p><ul data-start=\"2912\" data-end=\"3044\"><li data-section-id=\"f9qm1y\" data-start=\"2912\" data-end=\"2954\">Auskunft \u00fcber Ihre gespeicherten Daten<\/li><li data-section-id=\"g9sr6h\" data-start=\"2955\" data-end=\"2971\">Berichtigung<\/li><li data-section-id=\"77egm\" data-start=\"2972\" data-end=\"2984\">L\u00f6schung<\/li><li data-section-id=\"9enzfe\" data-start=\"2985\" data-end=\"3019\">Einschr\u00e4nkung der Verarbeitung<\/li><li data-section-id=\"1wshal5\" data-start=\"3020\" data-end=\"3044\">Daten\u00fcbertragbarkeit<\/li><\/ul><hr data-start=\"3046\" data-end=\"3049\" \/><h5 data-section-id=\"1k4uhhs\" data-start=\"3051\" data-end=\"3076\">10. Widerspruchsrecht<\/h5><p data-start=\"3078\" data-end=\"3160\">Sie k\u00f6nnen der Verarbeitung Ihrer personenbezogenen Daten jederzeit widersprechen.<\/p><hr data-start=\"3162\" data-end=\"3165\" \/><h5 data-section-id=\"k28s7y\" data-start=\"3167\" data-end=\"3190\">11. Beschwerderecht<\/h5><p data-start=\"3192\" data-end=\"3271\">Sie haben das Recht, sich bei einer Datenschutz-Aufsichtsbeh\u00f6rde zu beschweren.<\/p>\t\t\t\t\t\t\t\t<\/div>\n\t\t\t\t<\/div>\n\t\t\t\t<\/div>\n\t\t\t\t<div class=\"elementor-element elementor-element-7d78ac1 elementor-widget elementor-widget-spacer\" data-id=\"7d78ac1\" data-element_type=\"widget\" data-e-type=\"widget\" data-widget_type=\"spacer.default\">\n\t\t\t\t<div class=\"elementor-widget-container\">\n\t\t\t\t\t\t\t<div class=\"elementor-spacer\">\n\t\t\t<div class=\"elementor-spacer-inner\"><\/div>\n\t\t<\/div>\n\t\t\t\t\t\t<\/div>\n\t\t\t\t<\/div>\n\t\t\t\t\t<\/div>\n\t\t\t\t<\/div>\n\t\t<div class=\"elementor-element elementor-element-f3e3ce5 e-flex e-con-boxed e-con e-parent\" data-id=\"f3e3ce5\" data-element_type=\"container\" data-e-type=\"container\">\n\t\t\t\t\t<div class=\"e-con-inner\">\n\t\t<div class=\"elementor-element elementor-element-2992af0 e-con-full e-flex e-con e-child\" data-id=\"2992af0\" data-element_type=\"container\" data-e-type=\"container\">\n\t\t\t\t<div class=\"elementor-element elementor-element-99a8ccd elementor-shape-circle elementor-grid-0 e-grid-align-center elementor-widget elementor-widget-social-icons\" data-id=\"99a8ccd\" data-element_type=\"widget\" data-e-type=\"widget\" data-widget_type=\"social-icons.default\">\n\t\t\t\t<div class=\"elementor-widget-container\">\n\t\t\t\t\t\t\t<div class=\"elementor-social-icons-wrapper elementor-grid\" role=\"list\">\n\t\t\t\t\t\t\t<span class=\"elementor-grid-item\" role=\"listitem\">\n\t\t\t\t\t<a class=\"elementor-icon elementor-social-icon elementor-social-icon-instagram elementor-repeater-item-707f7c8\" href=\"#\" target=\"_blank\">\n\t\t\t\t\t\t<span class=\"elementor-screen-only\">Instagram<\/span>\n\t\t\t\t\t\t<svg aria-hidden=\"true\" class=\"e-font-icon-svg e-fab-instagram\" viewbox=\"0 0 448 512\" xmlns=\"http:\/\/www.w3.org\/2000\/svg\"><path d=\"M224.1 141c-63.6 0-114.9 51.3-114.9 114.9s51.3 114.9 114.9 114.9S339 319.5 339 255.9 287.7 141 224.1 141zm0 189.6c-41.1 0-74.7-33.5-74.7-74.7s33.5-74.7 74.7-74.7 74.7 33.5 74.7 74.7-33.6 74.7-74.7 74.7zm146.4-194.3c0 14.9-12 26.8-26.8 26.8-14.9 0-26.8-12-26.8-26.8s12-26.8 26.8-26.8 26.8 12 26.8 26.8zm76.1 27.2c-1.7-35.9-9.9-67.7-36.2-93.9-26.2-26.2-58-34.4-93.9-36.2-37-2.1-147.9-2.1-184.9 0-35.8 1.7-67.6 9.9-93.9 36.1s-34.4 58-36.2 93.9c-2.1 37-2.1 147.9 0 184.9 1.7 35.9 9.9 67.7 36.2 93.9s58 34.4 93.9 36.2c37 2.1 147.9 2.1 184.9 0 35.9-1.7 67.7-9.9 93.9-36.2 26.2-26.2 34.4-58 36.2-93.9 2.1-37 2.1-147.8 0-184.8zM398.8 388c-7.8 19.6-22.9 34.7-42.6 42.6-29.5 11.7-99.5 9-132.1 9s-102.7 2.6-132.1-9c-19.6-7.8-34.7-22.9-42.6-42.6-11.7-29.5-9-99.5-9-132.1s-2.6-102.7 9-132.1c7.8-19.6 22.9-34.7 42.6-42.6 29.5-11.7 99.5-9 132.1-9s102.7-2.6 132.1 9c19.6 7.8 34.7 22.9 42.6 42.6 11.7 29.5 9 99.5 9 132.1s2.7 102.7-9 132.1z\"><\/path><\/svg>\t\t\t\t\t<\/a>\n\t\t\t\t<\/span>\n\t\t\t\t\t\t\t<span class=\"elementor-grid-item\" role=\"listitem\">\n\t\t\t\t\t<a class=\"elementor-icon elementor-social-icon elementor-social-icon-linkedin elementor-repeater-item-3f57c39\" href=\"#\" target=\"_blank\">\n\t\t\t\t\t\t<span class=\"elementor-screen-only\">Linkedin<\/span>\n\t\t\t\t\t\t<svg aria-hidden=\"true\" class=\"e-font-icon-svg e-fab-linkedin\" viewbox=\"0 0 448 512\" xmlns=\"http:\/\/www.w3.org\/2000\/svg\"><path d=\"M416 32H31.9C14.3 32 0 46.5 0 64.3v383.4C0 465.5 14.3 480 31.9 480H416c17.6 0 32-14.5 32-32.3V64.3c0-17.8-14.4-32.3-32-32.3zM135.4 416H69V202.2h66.5V416zm-33.2-243c-21.3 0-38.5-17.3-38.5-38.5S80.9 96 102.2 96c21.2 0 38.5 17.3 38.5 38.5 0 21.3-17.2 38.5-38.5 38.5zm282.1 243h-66.4V312c0-24.8-.5-56.7-34.5-56.7-34.6 0-39.9 27-39.9 54.9V416h-66.4V202.2h63.7v29.2h.9c8.9-16.8 30.6-34.5 62.9-34.5 67.2 0 79.7 44.3 79.7 101.9V416z\"><\/path><\/svg>\t\t\t\t\t<\/a>\n\t\t\t\t<\/span>\n\t\t\t\t\t\t\t<span class=\"elementor-grid-item\" role=\"listitem\">\n\t\t\t\t\t<a class=\"elementor-icon elementor-social-icon elementor-social-icon-youtube elementor-repeater-item-97810d5\" target=\"_blank\">\n\t\t\t\t\t\t<span class=\"elementor-screen-only\">Youtube<\/span>\n\t\t\t\t\t\t<svg aria-hidden=\"true\" class=\"e-font-icon-svg e-fab-youtube\" viewbox=\"0 0 576 512\" xmlns=\"http:\/\/www.w3.org\/2000\/svg\"><path d=\"M549.655 124.083c-6.281-23.65-24.787-42.276-48.284-48.597C458.781 64 288 64 288 64S117.22 64 74.629 75.486c-23.497 6.322-42.003 24.947-48.284 48.597-11.412 42.867-11.412 132.305-11.412 132.305s0 89.438 11.412 132.305c6.281 23.65 24.787 41.5 48.284 47.821C117.22 448 288 448 288 448s170.78 0 213.371-11.486c23.497-6.321 42.003-24.171 48.284-47.821 11.412-42.867 11.412-132.305 11.412-132.305s0-89.438-11.412-132.305zm-317.51 213.508V175.185l142.739 81.205-142.739 81.201z\"><\/path><\/svg>\t\t\t\t\t<\/a>\n\t\t\t\t<\/span>\n\t\t\t\t\t<\/div>\n\t\t\t\t\t\t<\/div>\n\t\t\t\t<\/div>\n\t\t\t\t<\/div>\n\t\t\t\t\t<\/div>\n\t\t\t\t<\/div>\n\t\t\t\t<\/div>","protected":false},"excerpt":{"rendered":"<p>Datenschutz 1. Allgemeine Hinweise Der Schutz Ihrer pers\u00f6nlichen Daten ist mir ein wichtiges Anliegen.Die Verarbeitung Ihrer Daten erfolgt im Einklang [&hellip;]<\/p>\n","protected":false},"author":1,"featured_media":0,"parent":0,"menu_order":0,"comment_status":"closed","ping_status":"closed","template":"","meta":{"site-sidebar-layout":"right-sidebar","site-content-layout":"","ast-site-content-layout":"full-width-container","site-content-style":"unboxed","site-sidebar-style":"unboxed","ast-global-header-display":"","ast-banner-title-visibility":"","ast-main-header-display":"","ast-hfb-above-header-display":"","ast-hfb-below-header-display":"","ast-hfb-mobile-header-display":"","site-post-title":"disabled","ast-breadcrumbs-content":"","ast-featured-img":"disabled","footer-sml-layout":"","ast-disable-related-posts":"","theme-transparent-header-meta":"","adv-header-id-meta":"","stick-header-meta":"","header-above-stick-meta":"","header-main-stick-meta":"","header-below-stick-meta":"","astra-migrate-meta-layouts":"default","ast-page-background-enabled":"default","ast-page-background-meta":{"desktop":{"background-color":"var(--ast-global-color-4)","background-image":"","background-repeat":"repeat","background-position":"center center","background-size":"auto","background-attachment":"scroll","background-type":"","background-media":"","overlay-type":"","overlay-color":"","overlay-opacity":"","overlay-gradient":""},"tablet":{"background-color":"","background-image":"","background-repeat":"repeat","background-position":"center center","background-size":"auto","background-attachment":"scroll","background-type":"","background-media":"","overlay-type":"","overlay-color":"","overlay-opacity":"","overlay-gradient":""},"mobile":{"background-color":"","background-image":"","background-repeat":"repeat","background-position":"center center","background-size":"auto","background-attachment":"scroll","background-type":"","background-media":"","overlay-type":"","overlay-color":"","overlay-opacity":"","overlay-gradient":""}},"ast-content-background-meta":{"desktop":{"background-color":"var(--ast-global-color-5)","background-image":"","background-repeat":"repeat","background-position":"center center","background-size":"auto","background-attachment":"scroll","background-type":"","background-media":"","overlay-type":"","overlay-color":"","overlay-opacity":"","overlay-gradient":""},"tablet":{"background-color":"var(--ast-global-color-5)","background-image":"","background-repeat":"repeat","background-position":"center center","background-size":"auto","background-attachment":"scroll","background-type":"","background-media":"","overlay-type":"","overlay-color":"","overlay-opacity":"","overlay-gradient":""},"mobile":{"background-color":"var(--ast-global-color-5)","background-image":"","background-repeat":"repeat","background-position":"center center","background-size":"auto","background-attachment":"scroll","background-type":"","background-media":"","overlay-type":"","overlay-color":"","overlay-opacity":"","overlay-gradient":""}},"footnotes":""},"class_list":["post-2729","page","type-page","status-publish","hentry"],"_links":{"self":[{"href":"https:\/\/www.schmerzfrei.vet\/en\/wp-json\/wp\/v2\/pages\/2729","targetHints":{"allow":["GET"]}}],"collection":[{"href":"https:\/\/www.schmerzfrei.vet\/en\/wp-json\/wp\/v2\/pages"}],"about":[{"href":"https:\/\/www.schmerzfrei.vet\/en\/wp-json\/wp\/v2\/types\/page"}],"author":[{"embeddable":true,"href":"https:\/\/www.schmerzfrei.vet\/en\/wp-json\/wp\/v2\/users\/1"}],"replies":[{"embeddable":true,"href":"https:\/\/www.schmerzfrei.vet\/en\/wp-json\/wp\/v2\/comments?post=2729"}],"version-history":[{"count":4,"href":"https:\/\/www.schmerzfrei.vet\/en\/wp-json\/wp\/v2\/pages\/2729\/revisions"}],"predecessor-version":[{"id":2738,"href":"https:\/\/www.schmerzfrei.vet\/en\/wp-json\/wp\/v2\/pages\/2729\/revisions\/2738"}],"wp:attachment":[{"href":"https:\/\/www.schmerzfrei.vet\/en\/wp-json\/wp\/v2\/media?parent=2729"}],"curies":[{"name":"wp","href":"https:\/\/api.w.org\/{rel}","templated":true}]}}