{"id":2669,"date":"2026-05-02T10:55:24","date_gmt":"2026-05-02T08:55:24","guid":{"rendered":"https:\/\/www.schmerzfrei.vet\/?page_id=2669"},"modified":"2026-05-15T14:21:48","modified_gmt":"2026-05-15T12:21:48","slug":"wissen","status":"publish","type":"page","link":"https:\/\/www.schmerzfrei.vet\/en\/wissen\/","title":{"rendered":"Knowledge"},"content":{"rendered":"\t\t<div data-elementor-type=\"wp-page\" data-elementor-id=\"2669\" class=\"elementor elementor-2669\" data-elementor-post-type=\"page\">\n\t\t\t\t<div class=\"elementor-element elementor-element-df7d5bc e-flex e-con-boxed e-con e-parent\" data-id=\"df7d5bc\" data-element_type=\"container\" data-e-type=\"container\" data-settings=\"{&quot;background_background&quot;:&quot;classic&quot;}\">\n\t\t\t\t\t<div class=\"e-con-inner\">\n\t\t<div class=\"elementor-element elementor-element-6768299 e-con-full e-flex e-con e-child\" data-id=\"6768299\" data-element_type=\"container\" data-e-type=\"container\">\n\t\t\t\t<div class=\"elementor-element elementor-element-66987a4 elementor-view-default elementor-widget elementor-widget-icon\" data-id=\"66987a4\" data-element_type=\"widget\" data-e-type=\"widget\" data-widget_type=\"icon.default\">\n\t\t\t\t<div class=\"elementor-widget-container\">\n\t\t\t\t\t\t\t<div class=\"elementor-icon-wrapper\">\n\t\t\t<div class=\"elementor-icon\">\n\t\t\t<svg xmlns=\"http:\/\/www.w3.org\/2000\/svg\" width=\"18\" height=\"18\" viewBox=\"0 0 100 100\"><g stroke=\"currentColor\" stroke-width=\"4\" stroke-linecap=\"round\"><line x1=\"50\" y1=\"10\" x2=\"50\" y2=\"90\"><\/line><line x1=\"10\" y1=\"50\" x2=\"90\" y2=\"50\"><\/line><line x1=\"20\" y1=\"20\" x2=\"80\" y2=\"80\"><\/line><line x1=\"80\" y1=\"20\" x2=\"20\" y2=\"80\"><\/line><\/g><\/svg>\t\t\t<\/div>\n\t\t<\/div>\n\t\t\t\t\t\t<\/div>\n\t\t\t\t<\/div>\n\t\t\t\t<div class=\"elementor-element elementor-element-7b56cab elementor-widget elementor-widget-heading\" data-id=\"7b56cab\" data-element_type=\"widget\" data-e-type=\"widget\" data-widget_type=\"heading.default\">\n\t\t\t\t<div class=\"elementor-widget-container\">\n\t\t\t\t\t<h4 class=\"elementor-heading-title elementor-size-default\">Wissen<\/h4>\t\t\t\t<\/div>\n\t\t\t\t<\/div>\n\t\t\t\t<div class=\"elementor-element elementor-element-95c07a7 elementor-widget elementor-widget-text-editor\" data-id=\"95c07a7\" data-element_type=\"widget\" data-e-type=\"widget\" data-widget_type=\"text-editor.default\">\n\t\t\t\t<div class=\"elementor-widget-container\">\n\t\t\t\t\t\t\t\t\t<p data-start=\"2165\" data-end=\"2203\">Schmerz zeigt sich selten eindeutig. Gerade bei chronischen Erkrankungen, im Alter oder im Verhalten liegt vieles zwischen den Zeilen \u2013 und wird leicht \u00fcbersehen oder missverstanden.<\/p><p data-start=\"2165\" data-end=\"2203\">Hier teile ich Einblicke aus meiner tier\u00e4rztlichen Arbeit: fundierte Texte zu Schmerz, Arthrose und geriatrischen Hunden \u2013 mit dem Ziel, Zusammenh\u00e4nge sichtbar zu machen und ein tieferes Verst\u00e4ndnis f\u00fcr das eigene Tier zu erm\u00f6glichen.<\/p>\t\t\t\t\t\t\t\t<\/div>\n\t\t\t\t<\/div>\n\t\t\t\t<\/div>\n\t\t\t\t\t<\/div>\n\t\t\t\t<\/div>\n\t\t<div class=\"elementor-element elementor-element-3967524 e-flex e-con-boxed e-con e-parent\" data-id=\"3967524\" data-element_type=\"container\" data-e-type=\"container\">\n\t\t\t\t\t<div class=\"e-con-inner\">\n\t\t\t\t<div class=\"elementor-element elementor-element-8242a31 elementor-grid-3 elementor-grid-tablet-2 elementor-grid-mobile-1 elementor-widget elementor-widget-loop-grid\" data-id=\"8242a31\" data-element_type=\"widget\" data-e-type=\"widget\" data-settings=\"{&quot;template_id&quot;:2677,&quot;_skin&quot;:&quot;post&quot;,&quot;columns&quot;:&quot;3&quot;,&quot;columns_tablet&quot;:&quot;2&quot;,&quot;columns_mobile&quot;:&quot;1&quot;,&quot;edit_handle_selector&quot;:&quot;[data-elementor-type=\\&quot;loop-item\\&quot;]&quot;,&quot;row_gap&quot;:{&quot;unit&quot;:&quot;px&quot;,&quot;size&quot;:&quot;&quot;,&quot;sizes&quot;:[]},&quot;row_gap_tablet&quot;:{&quot;unit&quot;:&quot;px&quot;,&quot;size&quot;:&quot;&quot;,&quot;sizes&quot;:[]},&quot;row_gap_mobile&quot;:{&quot;unit&quot;:&quot;px&quot;,&quot;size&quot;:&quot;&quot;,&quot;sizes&quot;:[]}}\" data-widget_type=\"loop-grid.post\">\n\t\t\t\t<div class=\"elementor-widget-container\">\n\t\t\t\t\t\t\t<div class=\"elementor-loop-container elementor-grid\" role=\"list\">\n\t\t<style id=\"loop-2677\">.elementor-2677 .elementor-element.elementor-element-590c884{--display:flex;}.elementor-2677 .elementor-element.elementor-element-3c9f1fc img{height:200px;object-fit:cover;object-position:center center;}.elementor-2677 .elementor-element.elementor-element-3c9f1fc > .elementor-widget-container{padding:0px 0px 10px 0px;}.elementor-2677 .elementor-element.elementor-element-ea0e573 .elementor-heading-title{font-size:18px;}<\/style>\t\t<div data-elementor-type=\"loop-item\" data-elementor-id=\"2677\" class=\"elementor elementor-2677 e-loop-item e-loop-item-2888 post-2888 post type-post status-publish format-standard has-post-thumbnail hentry category-allgemein\" data-elementor-post-type=\"elementor_library\" data-custom-edit-handle=\"1\">\n\t\t\t<div class=\"elementor-element elementor-element-590c884 e-flex e-con-boxed e-con e-parent\" data-id=\"590c884\" data-element_type=\"container\" data-e-type=\"container\">\n\t\t\t\t\t<div class=\"e-con-inner\">\n\t\t\t\t<div class=\"elementor-element elementor-element-3c9f1fc elementor-widget elementor-widget-theme-post-featured-image elementor-widget-image\" data-id=\"3c9f1fc\" data-element_type=\"widget\" data-e-type=\"widget\" data-widget_type=\"theme-post-featured-image.default\">\n\t\t\t\t<div class=\"elementor-widget-container\">\n\t\t\t\t\t\t\t\t\t\t\t\t\t\t\t\t<a href=\"https:\/\/www.schmerzfrei.vet\/en\/chronischer-schmerz-gehirn\/\">\n\t\t\t\t\t\t\t<img fetchpriority=\"high\" decoding=\"async\" width=\"1024\" height=\"768\" src=\"https:\/\/www.schmerzfrei.vet\/wp-content\/uploads\/2026\/05\/pexels-photo-931317-931317-1024x768.jpg\" class=\"attachment-large size-large wp-image-2890\" alt=\"A dramatic close-up of a renowned statue in Paris expressing frustration.\" srcset=\"https:\/\/www.schmerzfrei.vet\/wp-content\/uploads\/2026\/05\/pexels-photo-931317-931317-1024x768.jpg 1024w, https:\/\/www.schmerzfrei.vet\/wp-content\/uploads\/2026\/05\/pexels-photo-931317-931317-300x225.jpg 300w, https:\/\/www.schmerzfrei.vet\/wp-content\/uploads\/2026\/05\/pexels-photo-931317-931317-768x576.jpg 768w, https:\/\/www.schmerzfrei.vet\/wp-content\/uploads\/2026\/05\/pexels-photo-931317-931317-1536x1152.jpg 1536w, https:\/\/www.schmerzfrei.vet\/wp-content\/uploads\/2026\/05\/pexels-photo-931317-931317-2048x1536.jpg 2048w\" sizes=\"(max-width: 1024px) 100vw, 1024px\" title=\"Schmerz erkennen beim Hund \u2013 warum er so oft \u00fcbersehen wird\">\t\t\t\t\t\t\t\t<\/a>\n\t\t\t\t\t\t\t\t\t\t\t\t\t\t\t<\/div>\n\t\t\t\t<\/div>\n\t\t\t\t<div class=\"elementor-element elementor-element-ea0e573 elementor-widget elementor-widget-theme-post-title elementor-page-title elementor-widget-heading\" data-id=\"ea0e573\" data-element_type=\"widget\" data-e-type=\"widget\" data-widget_type=\"theme-post-title.default\">\n\t\t\t\t<div class=\"elementor-widget-container\">\n\t\t\t\t\t<h5 class=\"elementor-heading-title elementor-size-default\"><a href=\"https:\/\/www.schmerzfrei.vet\/en\/chronischer-schmerz-gehirn\/\">Wie chronischer Schmerz das Gehirn ver\u00e4ndert<\/a><\/h5>\t\t\t\t<\/div>\n\t\t\t\t<\/div>\n\t\t\t\t\t<\/div>\n\t\t\t\t<\/div>\n\t\t\t\t<\/div>\n\t\t\t\t<div data-elementor-type=\"loop-item\" data-elementor-id=\"2677\" class=\"elementor elementor-2677 e-loop-item e-loop-item-2792 post-2792 post type-post status-publish format-standard has-post-thumbnail hentry category-allgemein\" data-elementor-post-type=\"elementor_library\" data-custom-edit-handle=\"1\">\n\t\t\t<div class=\"elementor-element elementor-element-590c884 e-flex e-con-boxed e-con e-parent\" data-id=\"590c884\" data-element_type=\"container\" data-e-type=\"container\">\n\t\t\t\t\t<div class=\"e-con-inner\">\n\t\t\t\t<div class=\"elementor-element elementor-element-3c9f1fc elementor-widget elementor-widget-theme-post-featured-image elementor-widget-image\" data-id=\"3c9f1fc\" data-element_type=\"widget\" data-e-type=\"widget\" data-widget_type=\"theme-post-featured-image.default\">\n\t\t\t\t<div class=\"elementor-widget-container\">\n\t\t\t\t\t\t\t\t\t\t\t\t\t\t\t\t<a href=\"https:\/\/www.schmerzfrei.vet\/en\/verhalten-schmerz\/\">\n\t\t\t\t\t\t\t<img decoding=\"async\" width=\"1024\" height=\"683\" src=\"https:\/\/www.schmerzfrei.vet\/wp-content\/uploads\/2026\/04\/jack_russell_herbstlaub-1024x683.jpg\" class=\"attachment-large size-large wp-image-2299\" alt=\"dog in the autumn leaves running in the park. funny and cute jac\" srcset=\"https:\/\/www.schmerzfrei.vet\/wp-content\/uploads\/2026\/04\/jack_russell_herbstlaub-1024x683.jpg 1024w, https:\/\/www.schmerzfrei.vet\/wp-content\/uploads\/2026\/04\/jack_russell_herbstlaub-300x200.jpg 300w, https:\/\/www.schmerzfrei.vet\/wp-content\/uploads\/2026\/04\/jack_russell_herbstlaub-768x512.jpg 768w, https:\/\/www.schmerzfrei.vet\/wp-content\/uploads\/2026\/04\/jack_russell_herbstlaub-1536x1024.jpg 1536w, https:\/\/www.schmerzfrei.vet\/wp-content\/uploads\/2026\/04\/jack_russell_herbstlaub-2048x1365.jpg 2048w\" sizes=\"(max-width: 1024px) 100vw, 1024px\" title=\"Schmerz erkennen beim Hund \u2013 warum er so oft \u00fcbersehen wird\">\t\t\t\t\t\t\t\t<\/a>\n\t\t\t\t\t\t\t\t\t\t\t\t\t\t\t<\/div>\n\t\t\t\t<\/div>\n\t\t\t\t<div class=\"elementor-element elementor-element-ea0e573 elementor-widget elementor-widget-theme-post-title elementor-page-title elementor-widget-heading\" data-id=\"ea0e573\" data-element_type=\"widget\" data-e-type=\"widget\" data-widget_type=\"theme-post-title.default\">\n\t\t\t\t<div class=\"elementor-widget-container\">\n\t\t\t\t\t<h5 class=\"elementor-heading-title elementor-size-default\"><a href=\"https:\/\/www.schmerzfrei.vet\/en\/verhalten-schmerz\/\">Wenn Verhalten sich ver\u00e4ndert \u2013 steckt Schmerz dahinter?<\/a><\/h5>\t\t\t\t<\/div>\n\t\t\t\t<\/div>\n\t\t\t\t\t<\/div>\n\t\t\t\t<\/div>\n\t\t\t\t<\/div>\n\t\t\t\t<div data-elementor-type=\"loop-item\" data-elementor-id=\"2677\" class=\"elementor elementor-2677 e-loop-item e-loop-item-2755 post-2755 post type-post status-publish format-standard has-post-thumbnail hentry category-allgemein\" data-elementor-post-type=\"elementor_library\" data-custom-edit-handle=\"1\">\n\t\t\t<div class=\"elementor-element elementor-element-590c884 e-flex e-con-boxed e-con e-parent\" data-id=\"590c884\" data-element_type=\"container\" data-e-type=\"container\">\n\t\t\t\t\t<div class=\"e-con-inner\">\n\t\t\t\t<div class=\"elementor-element elementor-element-3c9f1fc elementor-widget elementor-widget-theme-post-featured-image elementor-widget-image\" data-id=\"3c9f1fc\" data-element_type=\"widget\" data-e-type=\"widget\" data-widget_type=\"theme-post-featured-image.default\">\n\t\t\t\t<div class=\"elementor-widget-container\">\n\t\t\t\t\t\t\t\t\t\t\t\t\t\t\t\t<a href=\"https:\/\/www.schmerzfrei.vet\/en\/arthrose-beim-hund\/\">\n\t\t\t\t\t\t\t<img decoding=\"async\" width=\"1024\" height=\"683\" src=\"https:\/\/www.schmerzfrei.vet\/wp-content\/uploads\/2026\/04\/IMG-v-495-1024x683.jpg\" class=\"attachment-large size-large wp-image-2309\" alt=\"img v 495\" srcset=\"https:\/\/www.schmerzfrei.vet\/wp-content\/uploads\/2026\/04\/IMG-v-495-1024x683.jpg 1024w, https:\/\/www.schmerzfrei.vet\/wp-content\/uploads\/2026\/04\/IMG-v-495-300x200.jpg 300w, https:\/\/www.schmerzfrei.vet\/wp-content\/uploads\/2026\/04\/IMG-v-495-768x512.jpg 768w, https:\/\/www.schmerzfrei.vet\/wp-content\/uploads\/2026\/04\/IMG-v-495.jpg 1499w\" sizes=\"(max-width: 1024px) 100vw, 1024px\" title=\"Schmerz erkennen beim Hund \u2013 warum er so oft \u00fcbersehen wird\">\t\t\t\t\t\t\t\t<\/a>\n\t\t\t\t\t\t\t\t\t\t\t\t\t\t\t<\/div>\n\t\t\t\t<\/div>\n\t\t\t\t<div class=\"elementor-element elementor-element-ea0e573 elementor-widget elementor-widget-theme-post-title elementor-page-title elementor-widget-heading\" data-id=\"ea0e573\" data-element_type=\"widget\" data-e-type=\"widget\" data-widget_type=\"theme-post-title.default\">\n\t\t\t\t<div class=\"elementor-widget-container\">\n\t\t\t\t\t<h5 class=\"elementor-heading-title elementor-size-default\"><a href=\"https:\/\/www.schmerzfrei.vet\/en\/arthrose-beim-hund\/\">Arthrose beim Hund &#8211; warum sie oft erst sp\u00e4t erkannt wird<\/a><\/h5>\t\t\t\t<\/div>\n\t\t\t\t<\/div>\n\t\t\t\t\t<\/div>\n\t\t\t\t<\/div>\n\t\t\t\t<\/div>\n\t\t\t\t<div data-elementor-type=\"loop-item\" data-elementor-id=\"2677\" class=\"elementor elementor-2677 e-loop-item e-loop-item-223 post-223 post type-post status-publish format-standard has-post-thumbnail hentry category-allgemein\" data-elementor-post-type=\"elementor_library\" data-custom-edit-handle=\"1\">\n\t\t\t<div class=\"elementor-element elementor-element-590c884 e-flex e-con-boxed e-con e-parent\" data-id=\"590c884\" data-element_type=\"container\" data-e-type=\"container\">\n\t\t\t\t\t<div class=\"e-con-inner\">\n\t\t\t\t<div class=\"elementor-element elementor-element-3c9f1fc elementor-widget elementor-widget-theme-post-featured-image elementor-widget-image\" data-id=\"3c9f1fc\" data-element_type=\"widget\" data-e-type=\"widget\" data-widget_type=\"theme-post-featured-image.default\">\n\t\t\t\t<div class=\"elementor-widget-container\">\n\t\t\t\t\t\t\t\t\t\t\t\t\t\t\t\t<a href=\"https:\/\/www.schmerzfrei.vet\/en\/schmerzen-erkennen-beim-hund\/\">\n\t\t\t\t\t\t\t<img loading=\"lazy\" decoding=\"async\" width=\"1024\" height=\"683\" src=\"https:\/\/www.schmerzfrei.vet\/wp-content\/uploads\/2026\/04\/muensterlaender_steg-1024x683.png\" class=\"attachment-large size-large wp-image-2291\" alt=\"m\u00fcnsterl\u00e4nder steg\" srcset=\"https:\/\/www.schmerzfrei.vet\/wp-content\/uploads\/2026\/04\/muensterlaender_steg-1024x683.png 1024w, https:\/\/www.schmerzfrei.vet\/wp-content\/uploads\/2026\/04\/muensterlaender_steg-300x200.png 300w, https:\/\/www.schmerzfrei.vet\/wp-content\/uploads\/2026\/04\/muensterlaender_steg-768x512.png 768w, https:\/\/www.schmerzfrei.vet\/wp-content\/uploads\/2026\/04\/muensterlaender_steg-1536x1024.png 1536w, https:\/\/www.schmerzfrei.vet\/wp-content\/uploads\/2026\/04\/muensterlaender_steg-2048x1365.png 2048w\" sizes=\"(max-width: 1024px) 100vw, 1024px\" title=\"Schmerz erkennen beim Hund \u2013 warum er so oft \u00fcbersehen wird\">\t\t\t\t\t\t\t\t<\/a>\n\t\t\t\t\t\t\t\t\t\t\t\t\t\t\t<\/div>\n\t\t\t\t<\/div>\n\t\t\t\t<div class=\"elementor-element elementor-element-ea0e573 elementor-widget elementor-widget-theme-post-title elementor-page-title elementor-widget-heading\" data-id=\"ea0e573\" data-element_type=\"widget\" data-e-type=\"widget\" data-widget_type=\"theme-post-title.default\">\n\t\t\t\t<div class=\"elementor-widget-container\">\n\t\t\t\t\t<h5 class=\"elementor-heading-title elementor-size-default\"><a href=\"https:\/\/www.schmerzfrei.vet\/en\/schmerzen-erkennen-beim-hund\/\">Schmerz erkennen beim Hund \u2013 warum er so oft \u00fcbersehen wird<\/a><\/h5>\t\t\t\t<\/div>\n\t\t\t\t<\/div>\n\t\t\t\t\t<\/div>\n\t\t\t\t<\/div>\n\t\t\t\t<\/div>\n\t\t\t\t<\/div>\n\t\t\n\t\t\t\t\t\t<\/div>\n\t\t\t\t<\/div>\n\t\t\t\t\t<\/div>\n\t\t\t\t<\/div>\n\t\t\t\t<\/div>\n\t\t","protected":false},"excerpt":{"rendered":"<p>Wissen Schmerz zeigt sich selten eindeutig. Gerade bei chronischen Erkrankungen, im Alter oder im Verhalten liegt vieles zwischen den Zeilen [&hellip;]<\/p>\n","protected":false},"author":1,"featured_media":0,"parent":0,"menu_order":0,"comment_status":"closed","ping_status":"closed","template":"","meta":{"site-sidebar-layout":"no-sidebar","site-content-layout":"","ast-site-content-layout":"full-width-container","site-content-style":"unboxed","site-sidebar-style":"unboxed","ast-global-header-display":"","ast-banner-title-visibility":"","ast-main-header-display":"","ast-hfb-above-header-display":"","ast-hfb-below-header-display":"","ast-hfb-mobile-header-display":"","site-post-title":"disabled","ast-breadcrumbs-content":"","ast-featured-img":"disabled","footer-sml-layout":"","ast-disable-related-posts":"","theme-transparent-header-meta":"","adv-header-id-meta":"","stick-header-meta":"","header-above-stick-meta":"","header-main-stick-meta":"","header-below-stick-meta":"","astra-migrate-meta-layouts":"default","ast-page-background-enabled":"default","ast-page-background-meta":{"desktop":{"background-color":"var(--ast-global-color-4)","background-image":"","background-repeat":"repeat","background-position":"center center","background-size":"auto","background-attachment":"scroll","background-type":"","background-media":"","overlay-type":"","overlay-color":"","overlay-opacity":"","overlay-gradient":""},"tablet":{"background-color":"","background-image":"","background-repeat":"repeat","background-position":"center center","background-size":"auto","background-attachment":"scroll","background-type":"","background-media":"","overlay-type":"","overlay-color":"","overlay-opacity":"","overlay-gradient":""},"mobile":{"background-color":"","background-image":"","background-repeat":"repeat","background-position":"center center","background-size":"auto","background-attachment":"scroll","background-type":"","background-media":"","overlay-type":"","overlay-color":"","overlay-opacity":"","overlay-gradient":""}},"ast-content-background-meta":{"desktop":{"background-color":"var(--ast-global-color-5)","background-image":"","background-repeat":"repeat","background-position":"center center","background-size":"auto","background-attachment":"scroll","background-type":"","background-media":"","overlay-type":"","overlay-color":"","overlay-opacity":"","overlay-gradient":""},"tablet":{"background-color":"var(--ast-global-color-5)","background-image":"","background-repeat":"repeat","background-position":"center center","background-size":"auto","background-attachment":"scroll","background-type":"","background-media":"","overlay-type":"","overlay-color":"","overlay-opacity":"","overlay-gradient":""},"mobile":{"background-color":"var(--ast-global-color-5)","background-image":"","background-repeat":"repeat","background-position":"center center","background-size":"auto","background-attachment":"scroll","background-type":"","background-media":"","overlay-type":"","overlay-color":"","overlay-opacity":"","overlay-gradient":""}},"footnotes":""},"class_list":["post-2669","page","type-page","status-publish","hentry"],"_links":{"self":[{"href":"https:\/\/www.schmerzfrei.vet\/en\/wp-json\/wp\/v2\/pages\/2669","targetHints":{"allow":["GET"]}}],"collection":[{"href":"https:\/\/www.schmerzfrei.vet\/en\/wp-json\/wp\/v2\/pages"}],"about":[{"href":"https:\/\/www.schmerzfrei.vet\/en\/wp-json\/wp\/v2\/types\/page"}],"author":[{"embeddable":true,"href":"https:\/\/www.schmerzfrei.vet\/en\/wp-json\/wp\/v2\/users\/1"}],"replies":[{"embeddable":true,"href":"https:\/\/www.schmerzfrei.vet\/en\/wp-json\/wp\/v2\/comments?post=2669"}],"version-history":[{"count":25,"href":"https:\/\/www.schmerzfrei.vet\/en\/wp-json\/wp\/v2\/pages\/2669\/revisions"}],"predecessor-version":[{"id":2898,"href":"https:\/\/www.schmerzfrei.vet\/en\/wp-json\/wp\/v2\/pages\/2669\/revisions\/2898"}],"wp:attachment":[{"href":"https:\/\/www.schmerzfrei.vet\/en\/wp-json\/wp\/v2\/media?parent=2669"}],"curies":[{"name":"wp","href":"https:\/\/api.w.org\/{rel}","templated":true}]}}